{"id":4676,"date":"2021-07-27T14:15:21","date_gmt":"2021-07-27T18:15:21","guid":{"rendered":"http:\/\/chaletslacbeauport.com\/?page_id=4676"},"modified":"2022-03-03T10:24:50","modified_gmt":"2022-03-03T15:24:50","slug":"home","status":"publish","type":"page","link":"https:\/\/chaletslacbeauport.com\/en\/","title":{"rendered":"Home"},"content":{"rendered":"<div class=\"wpb-content-wrapper\"><p>[vc_row full_width=&#8221;stretch_row_content_no_spaces&#8221; el_class=&#8221;home-2-position&#8221;][vc_column]\t\t\t<script src=\"\/\/chaletslacbeauport.com\/wp-content\/plugins\/revslider\/sr6\/assets\/js\/rbtools.min.js?rev=6.7.38\"><\/script>\n\t\t\t<script src=\"\/\/chaletslacbeauport.com\/wp-content\/plugins\/revslider\/sr6\/assets\/js\/rs6.min.js?rev=6.7.38\"><\/script>\n\n\t\t\t<!-- START Home Slider EN REVOLUTION SLIDER 6.7.38 --><p class=\"rs-p-wp-fix\"><\/p>\n\t\t\t<rs-module-wrap id=\"25_wrapper\" data-source=\"gallery\" style=\"visibility:hidden;background:#FFFFFF;padding:0;\">\n\t\t\t\t<rs-module id=\"25\" style=\"\" data-version=\"6.7.38\">\n\t\t\t\t\t<rs-slides style=\"overflow: hidden; position: absolute;\">\n\t\t\t\t\t\t<rs-slide style=\"position: absolute;\" data-key=\"rs-25\" data-title=\"Slide\" data-thumb=\"\/\/chaletslacbeauport.com\/wp-content\/uploads\/2018\/07\/tourisme-lac-beauport-chalet-100x50.jpg\" data-anim=\"adpr:false;\">\n\t\t\t\t\t\t\t<img decoding=\"async\" src=\"\/\/chaletslacbeauport.com\/wp-content\/plugins\/revslider\/sr6\/assets\/assets\/dummy.png\" alt=\"\" title=\"Home\" class=\"rev-slidebg tp-rs-img rs-lazyload\" data-lazyload=\"\/\/chaletslacbeauport.com\/wp-content\/uploads\/2018\/07\/tourisme-lac-beauport-chalet.jpg\" data-no-retina>\n<!--\n\t\t\t\t\t\t\t--><h1\n\t\t\t\t\t\t\t\tid=\"slider-5-slide-25-layer-1\" \n\t\t\t\t\t\t\t\tclass=\"rs-layer\"\n\t\t\t\t\t\t\t\tdata-type=\"text\"\n\t\t\t\t\t\t\t\tdata-color=\"rgba(255, 255, 255, 1)\"\n\t\t\t\t\t\t\t\tdata-rsp_ch=\"on\"\n\t\t\t\t\t\t\t\tdata-xy=\"x:c;xo:5px,5px,0,0;y:m;yo:-161px,-161px,-59px,-30px;\"\n\t\t\t\t\t\t\t\tdata-text=\"s:70,70,45,26;l:75,75,25,25;fw:700,700,400,700;a:center;\"\n\t\t\t\t\t\t\t\tdata-frame_0=\"y:50px;tp:600;\"\n\t\t\t\t\t\t\t\tdata-frame_1=\"tp:600;st:900;sp:1500;sR:900;\"\n\t\t\t\t\t\t\t\tdata-frame_999=\"y:-50px;o:0;tp:600;e:nothing;st:w;sp:100;sR:6600;\"\n\t\t\t\t\t\t\t\tstyle=\"z-index:5;font-family:'';\"\n\t\t\t\t\t\t\t>Chalets Lac-Beauport  \n\t\t\t\t\t\t\t<\/h1><!--\n\n\t\t\t\t\t\t\t--><h2\n\t\t\t\t\t\t\t\tid=\"slider-5-slide-25-layer-3\" \n\t\t\t\t\t\t\t\tclass=\"rs-layer\"\n\t\t\t\t\t\t\t\tdata-type=\"text\"\n\t\t\t\t\t\t\t\tdata-color=\"rgba(255, 255, 255, 1)\"\n\t\t\t\t\t\t\t\tdata-rsp_ch=\"on\"\n\t\t\t\t\t\t\t\tdata-xy=\"x:c;xo:-5px,-5px,0,0;y:m;yo:-42px,-42px,-59px,-30px;\"\n\t\t\t\t\t\t\t\tdata-text=\"s:70,70,45,26;l:80,80,25,25;fw:700,700,400,700;a:center;\"\n\t\t\t\t\t\t\t\tdata-frame_0=\"y:50px;tp:600;\"\n\t\t\t\t\t\t\t\tdata-frame_1=\"tp:600;st:900;sp:1500;sR:900;\"\n\t\t\t\t\t\t\t\tdata-frame_999=\"y:-50px;o:0;tp:600;e:nothing;st:w;sp:100;sR:6600;\"\n\t\t\t\t\t\t\t\tstyle=\"z-index:6;font-family:'';\"\n\t\t\t\t\t\t\t>It will be a pleasure to welcome you\n<br> 15 minutes from Quebec \n\t\t\t\t\t\t\t<\/h2><!--\n-->\t\t\t\t\t<\/rs-slide>\n\t\t\t\t\t\t<rs-slide style=\"position: absolute;\" data-key=\"rs-27\" data-title=\"Slide\" data-thumb=\"\/\/chaletslacbeauport.com\/wp-content\/uploads\/2018\/10\/chalets-lac-beauport-voyageur-100x50.jpg\" data-anim=\"adpr:false;\">\n\t\t\t\t\t\t\t<img decoding=\"async\" src=\"\/\/chaletslacbeauport.com\/wp-content\/plugins\/revslider\/sr6\/assets\/assets\/dummy.png\" alt=\"\" title=\"Home\" class=\"rev-slidebg tp-rs-img rs-lazyload\" data-lazyload=\"\/\/chaletslacbeauport.com\/wp-content\/uploads\/2018\/10\/chalets-lac-beauport-voyageur.jpg\" data-no-retina>\n<!--\n\t\t\t\t\t\t\t--><h1\n\t\t\t\t\t\t\t\tid=\"slider-5-slide-27-layer-1\" \n\t\t\t\t\t\t\t\tclass=\"rs-layer\"\n\t\t\t\t\t\t\t\tdata-type=\"text\"\n\t\t\t\t\t\t\t\tdata-color=\"rgba(255, 255, 255, 1)\"\n\t\t\t\t\t\t\t\tdata-rsp_ch=\"on\"\n\t\t\t\t\t\t\t\tdata-xy=\"x:c;xo:-1px,-1px,0,0;y:m;yo:-160px,-160px,-60px,-30px;\"\n\t\t\t\t\t\t\t\tdata-text=\"s:70,70,45,26;l:75,75,25,25;fw:700,700,400,700;a:center;\"\n\t\t\t\t\t\t\t\tdata-frame_0=\"y:50px;tp:600;\"\n\t\t\t\t\t\t\t\tdata-frame_1=\"tp:600;st:300;sp:1500;sR:300;\"\n\t\t\t\t\t\t\t\tdata-frame_999=\"y:-50px;o:0;tp:600;e:power2.in;st:w;sp:100;sR:7200;\"\n\t\t\t\t\t\t\t\tstyle=\"z-index:5;font-family:'';\"\n\t\t\t\t\t\t\t>\nChalets Lac-Beauport  \n\t\t\t\t\t\t\t<\/h1><!--\n\n\t\t\t\t\t\t\t--><h2\n\t\t\t\t\t\t\t\tid=\"slider-5-slide-27-layer-3\" \n\t\t\t\t\t\t\t\tclass=\"rs-layer\"\n\t\t\t\t\t\t\t\tdata-type=\"text\"\n\t\t\t\t\t\t\t\tdata-color=\"rgba(255, 255, 255, 1)\"\n\t\t\t\t\t\t\t\tdata-rsp_ch=\"on\"\n\t\t\t\t\t\t\t\tdata-xy=\"x:c;xo:-15px,-15px,0,0;y:m;yo:-41px,-41px,-60px,-30px;\"\n\t\t\t\t\t\t\t\tdata-text=\"s:70,70,45,26;l:80,80,25,25;fw:700,700,400,700;a:center;\"\n\t\t\t\t\t\t\t\tdata-frame_0=\"y:50px;tp:600;\"\n\t\t\t\t\t\t\t\tdata-frame_1=\"tp:600;st:300;sp:1500;sR:300;\"\n\t\t\t\t\t\t\t\tdata-frame_999=\"y:-50px;o:0;tp:600;e:power2.in;st:w;sp:100;sR:7200;\"\n\t\t\t\t\t\t\t\tstyle=\"z-index:6;font-family:'';\"\n\t\t\t\t\t\t\t>Book a comfortable\n <br>and spacious cabin \n\t\t\t\t\t\t\t<\/h2><!--\n-->\t\t\t\t\t<\/rs-slide>\n\t\t\t\t\t\t<rs-slide style=\"position: absolute;\" data-key=\"rs-22\" data-title=\"Slide\" data-thumb=\"\/\/chaletslacbeauport.com\/wp-content\/uploads\/2018\/10\/chalets-traineau-a-chiens-100x50.jpg\" data-anim=\"adpr:false;\">\n\t\t\t\t\t\t\t<img decoding=\"async\" src=\"\/\/chaletslacbeauport.com\/wp-content\/plugins\/revslider\/sr6\/assets\/assets\/dummy.png\" alt=\"\" title=\"Home\" class=\"rev-slidebg tp-rs-img rs-lazyload\" data-lazyload=\"\/\/chaletslacbeauport.com\/wp-content\/uploads\/2018\/10\/chalets-traineau-a-chiens.jpg\" data-no-retina>\n<!--\n\t\t\t\t\t\t\t--><h1\n\t\t\t\t\t\t\t\tid=\"slider-5-slide-22-layer-1\" \n\t\t\t\t\t\t\t\tclass=\"rs-layer\"\n\t\t\t\t\t\t\t\tdata-type=\"text\"\n\t\t\t\t\t\t\t\tdata-color=\"rgba(255, 255, 255, 1)\"\n\t\t\t\t\t\t\t\tdata-rsp_ch=\"on\"\n\t\t\t\t\t\t\t\tdata-xy=\"x:c;xo:3px,1px,0,0;y:m;yo:-161px,-61px,-60px,-30px;\"\n\t\t\t\t\t\t\t\tdata-text=\"s:70,56,38,24;l:75,25,25,25;fw:700,400,700,700;a:center;\"\n\t\t\t\t\t\t\t\tdata-frame_0=\"y:50px;tp:600;\"\n\t\t\t\t\t\t\t\tdata-frame_1=\"tp:600;st:300;sp:1500;sR:300;\"\n\t\t\t\t\t\t\t\tdata-frame_999=\"y:-50px;o:0;tp:600;e:power2.in;st:w;sp:100;sR:7200;\"\n\t\t\t\t\t\t\t\tstyle=\"z-index:5;font-family:'';\"\n\t\t\t\t\t\t\t>Chalets Lac-Beauport \n\t\t\t\t\t\t\t<\/h1><!--\n\n\t\t\t\t\t\t\t--><h2\n\t\t\t\t\t\t\t\tid=\"slider-5-slide-22-layer-3\" \n\t\t\t\t\t\t\t\tclass=\"rs-layer\"\n\t\t\t\t\t\t\t\tdata-type=\"text\"\n\t\t\t\t\t\t\t\tdata-color=\"rgba(255, 255, 255, 1)\"\n\t\t\t\t\t\t\t\tdata-rsp_ch=\"on\"\n\t\t\t\t\t\t\t\tdata-xy=\"x:c;xo:-1px,1px,0,0;y:m;yo:-4px,-61px,-60px,-30px;\"\n\t\t\t\t\t\t\t\tdata-text=\"s:70,56,38,24;l:80,25,25,25;fw:700,400,700,700;a:center;\"\n\t\t\t\t\t\t\t\tdata-frame_0=\"y:50px;tp:600;\"\n\t\t\t\t\t\t\t\tdata-frame_1=\"tp:600;st:300;sp:1500;sR:300;\"\n\t\t\t\t\t\t\t\tdata-frame_999=\"y:-50px;o:0;tp:600;e:power2.in;st:w;sp:100;sR:7200;\"\n\t\t\t\t\t\t\t\tstyle=\"z-index:6;font-family:'';\"\n\t\t\t\t\t\t\t>The perfect place\n<br>for outdoor enthusiasts\n<br>in any season  \n\t\t\t\t\t\t\t<\/h2><!--\n-->\t\t\t\t\t<\/rs-slide>\n\t\t\t\t\t\t<rs-slide style=\"position: absolute;\" data-key=\"rs-23\" data-title=\"Slide\" data-thumb=\"\/\/chaletslacbeauport.com\/wp-content\/uploads\/2018\/10\/chalets-lac-beauport-spa-100x50.jpg\" data-anim=\"adpr:false;\">\n\t\t\t\t\t\t\t<img decoding=\"async\" src=\"\/\/chaletslacbeauport.com\/wp-content\/plugins\/revslider\/sr6\/assets\/assets\/dummy.png\" alt=\"\" title=\"Home\" class=\"rev-slidebg tp-rs-img rs-lazyload\" data-lazyload=\"\/\/chaletslacbeauport.com\/wp-content\/uploads\/2018\/10\/chalets-lac-beauport-spa.jpg\" data-no-retina>\n<!--\n\t\t\t\t\t\t\t--><h1\n\t\t\t\t\t\t\t\tid=\"slider-5-slide-23-layer-1\" \n\t\t\t\t\t\t\t\tclass=\"rs-layer\"\n\t\t\t\t\t\t\t\tdata-type=\"text\"\n\t\t\t\t\t\t\t\tdata-color=\"rgba(255, 255, 255, 1)\"\n\t\t\t\t\t\t\t\tdata-rsp_ch=\"on\"\n\t\t\t\t\t\t\t\tdata-xy=\"x:c;xo:2px,1px,0,0;y:m;yo:-162px,-61px,-60px,-30px;\"\n\t\t\t\t\t\t\t\tdata-text=\"s:70,56,38,24;l:75,25,25,25;fw:700,400,700,700;a:center;\"\n\t\t\t\t\t\t\t\tdata-frame_0=\"y:50px;tp:600;\"\n\t\t\t\t\t\t\t\tdata-frame_1=\"tp:600;st:300;sp:1500;sR:300;\"\n\t\t\t\t\t\t\t\tdata-frame_999=\"y:-50px;o:0;tp:600;e:power2.in;st:w;sp:100;sR:7200;\"\n\t\t\t\t\t\t\t\tstyle=\"z-index:5;font-family:'Roboto';\"\n\t\t\t\t\t\t\t>Chalets Lac-Beauport \n\t\t\t\t\t\t\t<\/h1><!--\n\n\t\t\t\t\t\t\t--><h2\n\t\t\t\t\t\t\t\tid=\"slider-5-slide-23-layer-3\" \n\t\t\t\t\t\t\t\tclass=\"rs-layer\"\n\t\t\t\t\t\t\t\tdata-type=\"text\"\n\t\t\t\t\t\t\t\tdata-color=\"rgba(255, 255, 255, 1)\"\n\t\t\t\t\t\t\t\tdata-rsp_ch=\"on\"\n\t\t\t\t\t\t\t\tdata-xy=\"x:c;xo:12px,1px,0,0;y:m;yo:-41px,-61px,-60px,-30px;\"\n\t\t\t\t\t\t\t\tdata-text=\"s:70,56,38,24;l:80,25,25,25;fw:700,400,700,700;a:center;\"\n\t\t\t\t\t\t\t\tdata-frame_0=\"y:50px;tp:600;\"\n\t\t\t\t\t\t\t\tdata-frame_1=\"tp:600;st:300;sp:1500;sR:300;\"\n\t\t\t\t\t\t\t\tdata-frame_999=\"y:-50px;o:0;tp:600;e:power2.in;st:w;sp:100;sR:7200;\"\n\t\t\t\t\t\t\t\tstyle=\"z-index:6;font-family:'Roboto';\"\n\t\t\t\t\t\t\t>The calm, the nature,\n<br>the activities and the fresh air \n\t\t\t\t\t\t\t<\/h2><!--\n-->\t\t\t\t\t<\/rs-slide>\n\t\t\t\t\t\t<rs-slide style=\"position: absolute;\" data-key=\"rs-24\" data-title=\"Slide\" data-thumb=\"\/\/chaletslacbeauport.com\/wp-content\/uploads\/2018\/10\/chalets-plage-lac-beauport-100x50.jpg\" data-anim=\"adpr:false;\">\n\t\t\t\t\t\t\t<img decoding=\"async\" src=\"\/\/chaletslacbeauport.com\/wp-content\/plugins\/revslider\/sr6\/assets\/assets\/dummy.png\" alt=\"\" title=\"Home\" class=\"rev-slidebg tp-rs-img rs-lazyload\" data-lazyload=\"\/\/chaletslacbeauport.com\/wp-content\/uploads\/2018\/10\/chalets-plage-lac-beauport.jpg\" data-no-retina>\n<!--\n\t\t\t\t\t\t\t--><h1\n\t\t\t\t\t\t\t\tid=\"slider-5-slide-24-layer-1\" \n\t\t\t\t\t\t\t\tclass=\"rs-layer\"\n\t\t\t\t\t\t\t\tdata-type=\"text\"\n\t\t\t\t\t\t\t\tdata-color=\"#fff||rgba(255, 255, 255, 1)||rgba(255, 255, 255, 1)||rgba(255, 255, 255, 1)\"\n\t\t\t\t\t\t\t\tdata-rsp_ch=\"on\"\n\t\t\t\t\t\t\t\tdata-xy=\"x:c;xo:1px,1px,0,0;y:m;yo:-161px,-61px,-60px,-30px;\"\n\t\t\t\t\t\t\t\tdata-text=\"s:70,56,38,24;l:75,25,25,25;fw:700,400,700,700;a:center;\"\n\t\t\t\t\t\t\t\tdata-padding=\"r:20;\"\n\t\t\t\t\t\t\t\tdata-frame_0=\"y:50px;tp:600;\"\n\t\t\t\t\t\t\t\tdata-frame_1=\"tp:600;st:300;sp:1500;sR:300;\"\n\t\t\t\t\t\t\t\tdata-frame_999=\"y:-50px;o:0;tp:600;e:power2.in;st:w;sp:100;sR:7200;\"\n\t\t\t\t\t\t\t\tstyle=\"z-index:5;font-family:'Roboto';\"\n\t\t\t\t\t\t\t>Chalets Lac-Beauport \n\t\t\t\t\t\t\t<\/h1><!--\n\n\t\t\t\t\t\t\t--><h2\n\t\t\t\t\t\t\t\tid=\"slider-5-slide-24-layer-3\" \n\t\t\t\t\t\t\t\tclass=\"rs-layer\"\n\t\t\t\t\t\t\t\tdata-type=\"text\"\n\t\t\t\t\t\t\t\tdata-color=\"#fff||rgba(255, 255, 255, 1)||rgba(255, 255, 255, 1)||rgba(255, 255, 255, 1)\"\n\t\t\t\t\t\t\t\tdata-rsp_ch=\"on\"\n\t\t\t\t\t\t\t\tdata-xy=\"x:c;xo:-1px,1px,0,0;y:m;yo:-44px,-61px,-60px,-30px;\"\n\t\t\t\t\t\t\t\tdata-text=\"s:70,56,38,24;l:80,25,25,25;fw:700,400,700,700;a:center;\"\n\t\t\t\t\t\t\t\tdata-padding=\"r:20;\"\n\t\t\t\t\t\t\t\tdata-frame_0=\"y:50px;tp:600;\"\n\t\t\t\t\t\t\t\tdata-frame_1=\"tp:600;st:300;sp:1500;sR:300;\"\n\t\t\t\t\t\t\t\tdata-frame_999=\"y:-50px;o:0;tp:600;e:power2.in;st:w;sp:100;sR:7200;\"\n\t\t\t\t\t\t\t\tstyle=\"z-index:6;font-family:'Roboto';\"\n\t\t\t\t\t\t\t>Plan a stay that will satisfy\n<br> your need for the great outdoor \n\t\t\t\t\t\t\t<\/h2><!--\n-->\t\t\t\t\t<\/rs-slide>\n\t\t\t\t\t<\/rs-slides>\n\t\t\t\t<\/rs-module>\n\t\t\t\t<script>\n\t\t\t\t\tsetREVStartSize({c: '25',rl:[1920,1024,778,480],el:[600,600,500,400],gw:[1920,1024,778,480],gh:[600,600,500,400],type:'standard',justify:'',layout:'fullscreen',offsetContainer:'',offset:'102',mh:\"0\"});if (window.RS_MODULES!==undefined && window.RS_MODULES.modules!==undefined && window.RS_MODULES.modules[\"25\"]!==undefined) {window.RS_MODULES.modules[\"25\"].once = false;window.revapi5 = undefined;if (window.RS_MODULES.checkMinimal!==undefined) window.RS_MODULES.checkMinimal()}\n\t\t\t\t<\/script>\n\t\t\t<\/rs-module-wrap>\n\t\t\t<!-- END REVOLUTION SLIDER -->\n[\/vc_column][\/vc_row][vc_row][vc_column][vc_empty_space height=&#8221;95px&#8221;]<div class=\"thim-widget-heading template-default\"><div class=\"thim-sc-heading\" >\n\t\t<div class=\"article_heading \">\n\t\t\t<h2  class=\"heading_secondary\">RENT A CHALET IN LAC-BEAUPORT<\/h2>\n\t\t\t<p class=\"heading_primary\"  >CHALETS IN THE QUEBEC CITY AREA<\/p>\n\t\t\t\n\t\t\t\n\t\t<\/div>\n\t<\/div><\/div>[vc_empty_space height=&#8221;20px&#8221;][\/vc_column][\/vc_row][vc_row][vc_column width=&#8221;1\/2&#8243;][vc_column_text css=&#8221;.vc_custom_1627568789842{padding-right: 55px !important;}&#8221; el_class=&#8221;line-height-normal&#8221;]Just 15 minutes from Quebec City, you\u2019ll find Lac-Beauport -THE spot for a restful and enjoyable vacation. A small town surrounded by forest, Lac Beauport is an oasis in the Quebec City region. You can rent a cottage by the day, week or month, year-round in a peaceful, natural setting. Our cottages are of varying sizes, with some able to accommodate up to 21 guests.<\/p>\n<p>For a relaxing outdoor getaway, <a href=\"http:\/\/chaletslacbeauport.com\/en\/chalets-for-rent\/\">rent one of our cottages<\/a> and enjoy a wide range of summer and winter activities.[\/vc_column_text][\/vc_column][vc_column width=&#8221;1\/2&#8243;][vc_column_text css=&#8221;.vc_custom_1627411205994{padding-right: 55px !important;}&#8221; el_class=&#8221;line-height-normal&#8221;]Our comfortable, well-equipped cottages can accommodate groups of up to 21 at very affordable rates. Whether it\u2019s family, friends or business, you\u2019ll love how easy it to move between nature, to the beach, to urban adventures in lively Quebec City.<\/p>\n<p>There\u2019s something for and every taste and every generation. You\u2019ll never be bored![\/vc_column_text][\/vc_column][\/vc_row][vc_row][vc_column][vc_empty_space height=&#8221;95px&#8221;]<div class=\"thim-widget-heading template-default\"><div class=\"thim-sc-heading\" >\n\t\t<div class=\"article_heading \">\n\t\t\t<h2  class=\"heading_secondary\">CHALETS FOR RENT IN LAC-BEAUPORT<\/h2>\n\t\t\t<p class=\"heading_primary\"  >Where to stay in Quebec City area<\/p>\n\t\t\t\n\t\t\t\n\t\t<\/div>\n\t<\/div><\/div>[vc_empty_space height=&#8221;20px&#8221;][vc_row_inner][vc_column_inner width=&#8221;1\/2&#8243;][vc_single_image image=&#8221;4504&#8243; img_size=&#8221;570&#215;462&#8243;][vc_column_text]<\/p>\n<h3>Chalet Le Voyageur<\/h3>\n<p>This warm and cozy cottage comfortably accommodates up to 12 guests. Interested in a natural getaway near Quebec City? Rent this cottage in Lac-Beauport.[\/vc_column_text][vc_btn title=&#8221;See this rental&#8221; shape=&#8221;square&#8221; color=&#8221;inverse&#8221; link=&#8221;url:http%3A%2F%2Fchaletslacbeauport.com%2Fen%2Fchalet-le-voyageur-in-lac-beauport%2F&#8221;][\/vc_column_inner][vc_column_inner width=&#8221;1\/2&#8243;][vc_single_image image=&#8221;4224&#8243; img_size=&#8221;570&#215;462&#8243;][vc_column_text]<\/p>\n<h3>Chalet Le Villageois<\/h3>\n<p>You won\u2019t find cottages that offer more than Le Villageois. For your family or friends, you\u2019re looking for a cottage that can accommodate up to 21 people. Rent this beautiful cottage in Lac-Beauport, Quebec City area.[\/vc_column_text][vc_btn title=&#8221;See this rental&#8221; shape=&#8221;square&#8221; color=&#8221;inverse&#8221; link=&#8221;url:http%3A%2F%2Fchaletslacbeauport.com%2Fen%2Fchalet-le-villageois-in-lac-beauport%2F&#8221; el_class=&#8221;btn-book&#8221;][\/vc_column_inner][\/vc_row_inner][\/vc_column][\/vc_row][vc_row][vc_column][vc_empty_space height=&#8221;70px&#8221;][\/vc_column][\/vc_row][vc_row full_width=&#8221;stretch_row_content_no_spaces&#8221; el_class=&#8221;no-fill-sm category-group&#8221;][vc_column width=&#8221;1\/4&#8243;]<div class=\"thim-widget-categories-link template-default\">\n        <div class=\"thim-sc-categories-link\">\n            <div class=\"content\">\n\t\t\t\t<img decoding=\"async\" src=\"https:\/\/chaletslacbeauport.com\/wp-content\/uploads\/2018\/07\/ou-loger.jpg\" alt=\"ou-loger\" \/>\n\t\t\t\t<div class=\"categories-info center-center has-line\" >\n\t\t\t\t\t<h4 class=\"categories-title center-center has-line\" style=\"color: #ffffff;font-size: 30px;\">Our chalets<\/h4>\n\t\t\t\t\t\t\n\t\t\t\t<\/div>\n                <a class=\"categories-link\"  href=\"\" ><\/a>\n            <\/div>\n        <\/div>\n    <\/div>[\/vc_column][vc_column width=&#8221;1\/4&#8243;]<div class=\"thim-widget-categories-link template-default\">\n        <div class=\"thim-sc-categories-link\">\n            <div class=\"content\">\n\t\t\t\t<img decoding=\"async\" src=\"https:\/\/chaletslacbeauport.com\/wp-content\/uploads\/2018\/08\/quoi-faire-lac-beauport.jpg\" alt=\"quoi-faire-lac-beauport\" \/>\n\t\t\t\t<div class=\"categories-info center-center has-line\" >\n\t\t\t\t\t<h4 class=\"categories-title center-center has-line\" style=\"color: #ffffff;font-size: 30px;\">What to do?<\/h4>\n\t\t\t\t\t\t\n\t\t\t\t<\/div>\n                <a class=\"categories-link\"  href=\"\" ><\/a>\n            <\/div>\n        <\/div>\n    <\/div>[\/vc_column][vc_column width=&#8221;1\/4&#8243;]<div class=\"thim-widget-categories-link template-default\">\n        <div class=\"thim-sc-categories-link\">\n            <div class=\"content\">\n\t\t\t\t<img decoding=\"async\" src=\"https:\/\/chaletslacbeauport.com\/wp-content\/uploads\/2018\/07\/ou-manger.jpg\" alt=\"ou-manger\" \/>\n\t\t\t\t<div class=\"categories-info center-center has-line\" >\n\t\t\t\t\t<h4 class=\"categories-title center-center has-line\" style=\"color: #ffffff;font-size: 30px;\">Where to eat?<\/h4>\n\t\t\t\t\t\t\n\t\t\t\t<\/div>\n                <a class=\"categories-link\"  href=\"\" ><\/a>\n            <\/div>\n        <\/div>\n    <\/div>[\/vc_column][vc_column width=&#8221;1\/4&#8243;]<div class=\"thim-widget-categories-link template-default\">\n        <div class=\"thim-sc-categories-link\">\n            <div class=\"content\">\n\t\t\t\t<img decoding=\"async\" src=\"https:\/\/chaletslacbeauport.com\/wp-content\/uploads\/2018\/07\/lac-beauport-1.jpg\" alt=\"lac-beauport\" \/>\n\t\t\t\t<div class=\"categories-info center-center has-line\" >\n\t\t\t\t\t<h4 class=\"categories-title center-center has-line\" style=\"color: #ffffff;font-size: 30px;\">Lac-Beauport<\/h4>\n\t\t\t\t\t\t\n\t\t\t\t<\/div>\n                <a class=\"categories-link\"  href=\"\" ><\/a>\n            <\/div>\n        <\/div>\n    <\/div>[\/vc_column][\/vc_row][vc_row][vc_column][vc_empty_space height=&#8221;60px&#8221;][vc_row_inner][vc_column_inner width=&#8221;1\/2&#8243;]<div class=\"thim-widget-heading template-default\"><div class=\"thim-sc-heading\" >\n\t\t<div class=\"article_heading \">\n\t\t\t<h2  class=\"heading_secondary\">QUEBEC CITY AREA<\/h2>\n\t\t\t<p class=\"heading_primary\"  >Chalets for rent in<\/p>\n\t\t\t\n\t\t\t\n\t\t<\/div>\n\t<\/div><\/div>[vc_column_text]15 minutes drive to<br \/>\n\u2022 Village Huron Wendake<br \/>\n\u2022 Vieux-Qu\u00e9bec<br \/>\n\u2022 l\u2019Ile d\u2019Orl\u00e9ans<br \/>\n\u2022 Chutes Montmorency<br \/>\n\u2022 Festival d\u2019\u00e9t\u00e9 de Qu\u00e9bec<br \/>\n30 minutes drive to<br \/>\n\u2022 Village Vacances Valcartier<br \/>\n\u2022 Aquarium de Qu\u00e9bec[\/vc_column_text][\/vc_column_inner][vc_column_inner width=&#8221;1\/2&#8243;][vc_empty_space]<div class=\"thim-widget-google-map template-default\"><div class=\"thim-sc-googlemap\" style=\"height: 445px;\" data-cover=\"\"><div class=\"ob-google-map-canvas\" style=\"height: 445px;\" id=\"ob-map-canvas-6652074555b7cef0aca3610d79692ee0\" data-address=\"25 chemin de la Coul\u00e9e, Lac-Beauport, Qu\u00e9bec, G3B 1G6\" data-zoom=\"13\" data-scroll-zoom=\"\" data-draggable=\"\" data-marker-at-center=\"\" data-style=\"default\" data-api_key=\"AIzaSyAv7oPHTrypL1hU-a2BxCdGnUjMegADdIs\" data-marker-icon=\"\"  ><\/div><\/div><\/div>[\/vc_column_inner][\/vc_row_inner][vc_empty_space height=&#8221;60px&#8221;][\/vc_column][\/vc_row][vc_row el_class=&#8221;row-post-event&#8221;][vc_column width=&#8221;1\/3&#8243;][\/vc_column][\/vc_row][vc_row full_width=&#8221;stretch_row&#8221; parallax=&#8221;content-moving&#8221; css=&#8221;.vc_custom_1532458583372{padding-top: 120px !important;padding-bottom: 155px !important;background-image: url(http:\/\/chaletslacbeauport.com\/wp-content\/uploads\/2018\/07\/contact-parallax.jpg?id=4313) !important;}&#8221; el_class=&#8221;testimonial-overlay&#8221;][vc_column]<div class=\"thim-widget-testimonials template-testimonials\">\n\t<div class=\"thim-sc-testimonial left\" data-auto=\"true\">\n\t\t<h4 class=\"block-title\">Ce qu'en pensent nos visiteurs<\/h4>\n\t\t\t\t\t<div class=\"owl-carousel owl-theme testimonial-slider-left\">\n\t\t\t\t\t\t\t\t\t<div class=\"testimonial-item\">\n\t\t\t\t\t\t<div class=\"testimonial-content\">\u201c Un logement super, bien situ\u00e9, avec des activit\u00e9s qui changent de l'ordinaire et pas loin de Qu\u00e9bec! \u201c<\/div>\n\t\t\t\t\t\t<p class=\"testimonial-rating\"><\/p>\n\t\t\t\t\t\t<h5 class=\"testimonial-name\"> H\u00e9l\u00e8ne <\/h5>\n\t\t\t\t\t<\/div>\n\t\t\t\t\t\t\t\t\t<div class=\"testimonial-item\">\n\t\t\t\t\t\t<div class=\"testimonial-content\">\u201c Nous avons appr\u00e9ci\u00e9 le service et la maison. \u201c<\/div>\n\t\t\t\t\t\t<p class=\"testimonial-rating\"><\/p>\n\t\t\t\t\t\t<h5 class=\"testimonial-name\"> Martin <\/h5>\n\t\t\t\t\t<\/div>\n\t\t\t\t\t\t\t\t\t<div class=\"testimonial-item\">\n\t\t\t\t\t\t<div class=\"testimonial-content\"><p style=\"text-align: left;\">\u201c Nous avons log\u00e9 \u00e0 17 dans cette maison originale, sans que personne ne dorme sur le canap\u00e9 du salon ! Pr\u00e9voyez de profiter sur place des activit\u00e9s propos\u00e9es par Lucie (p\u00eache, activit\u00e9s nautiques...) ainsi que des ballades dans le coin, de la plage quelques m\u00e8tres plus bas ! Barbecue, tables ext\u00e9rieures pour manger... tr\u00e8s sympa ! \u201c<\/p><\/div>\n\t\t\t\t\t\t<p class=\"testimonial-rating\"><\/p>\n\t\t\t\t\t\t<h5 class=\"testimonial-name\"> Patrice <\/h5>\n\t\t\t\t\t<\/div>\n\t\t\t\t\t\t\t\t\t\t\t<\/div>\n\t\t\t<\/div>\n\n<\/div>[\/vc_column][\/vc_row]<\/p>\n<\/div>","protected":false},"excerpt":{"rendered":"<p>[vc_row full_width=&#8221;stretch_row_content_no_spaces&#8221; el_class=&#8221;home-2-position&#8221;][vc_column][\/vc_column][\/vc_row][vc_row][vc_column][vc_empty_space height=&#8221;95px&#8221;][vc_empty_space height=&#8221;20px&#8221;][\/vc_column][\/vc_row][vc_row][vc_column width=&#8221;1\/2&#8243;][vc_column_text css=&#8221;.vc_custom_1627568789842{padding-right: 55px !important;}&#8221; el_class=&#8221;line-height-normal&#8221;]Just 15 minutes from Quebec City, you\u2019ll find Lac-Beauport -THE spot for a restful and enjoyable vacation. A small town surrounded by forest, Lac Beauport is an oasis in the Quebec City region. You can rent a cottage by the day,&#8230;<\/p>\n","protected":false},"author":1,"featured_media":0,"parent":0,"menu_order":0,"comment_status":"closed","ping_status":"closed","template":"templates\/home-page.php","meta":{"_exactmetrics_skip_tracking":false,"_exactmetrics_sitenote_active":false,"_exactmetrics_sitenote_note":"","_exactmetrics_sitenote_category":0,"footnotes":""},"class_list":["post-4676","page","type-page","status-publish","hentry"],"_links":{"self":[{"href":"https:\/\/chaletslacbeauport.com\/en\/wp-json\/wp\/v2\/pages\/4676","targetHints":{"allow":["GET"]}}],"collection":[{"href":"https:\/\/chaletslacbeauport.com\/en\/wp-json\/wp\/v2\/pages"}],"about":[{"href":"https:\/\/chaletslacbeauport.com\/en\/wp-json\/wp\/v2\/types\/page"}],"author":[{"embeddable":true,"href":"https:\/\/chaletslacbeauport.com\/en\/wp-json\/wp\/v2\/users\/1"}],"replies":[{"embeddable":true,"href":"https:\/\/chaletslacbeauport.com\/en\/wp-json\/wp\/v2\/comments?post=4676"}],"version-history":[{"count":10,"href":"https:\/\/chaletslacbeauport.com\/en\/wp-json\/wp\/v2\/pages\/4676\/revisions"}],"predecessor-version":[{"id":4834,"href":"https:\/\/chaletslacbeauport.com\/en\/wp-json\/wp\/v2\/pages\/4676\/revisions\/4834"}],"wp:attachment":[{"href":"https:\/\/chaletslacbeauport.com\/en\/wp-json\/wp\/v2\/media?parent=4676"}],"curies":[{"name":"wp","href":"https:\/\/api.w.org\/{rel}","templated":true}]}}