{"id":4688,"date":"2021-07-28T15:20:44","date_gmt":"2021-07-28T19:20:44","guid":{"rendered":"http:\/\/chaletslacbeauport.com\/?page_id=4688"},"modified":"2021-07-29T14:01:47","modified_gmt":"2021-07-29T18:01:47","slug":"useful-informations","status":"publish","type":"page","link":"https:\/\/chaletslacbeauport.com\/en\/useful-informations\/","title":{"rendered":"Useful informations"},"content":{"rendered":"<div class=\"wpb-content-wrapper\"><p>[vc_row][vc_column]<div class=\"thim-widget-heading template-default\"><div class=\"thim-sc-heading\" >\n\t\t<div class=\"article_heading \">\n\t\t\t\n\t\t\t<p class=\"heading_primary\"  >What to bring?<\/p>\n\t\t\t\n\t\t\t\n\t\t<\/div>\n\t<\/div><\/div>[\/vc_column][\/vc_row][vc_row][vc_column width=&#8221;1\/2&#8243;][vc_column_text]<\/p>\n<h3>Summer<\/h3>\n<ul>\n<li>Closed walking shoes, ideally athletic\/sports shoes.<\/li>\n<li>Long and short pants<\/li>\n<li>Long-sleeve and short-sleeve shirts<\/li>\n<li>Swimsuit<\/li>\n<li>Bring or rent your fishing rod at Pourvoirie du Lac Beauport (4 minute walk)<\/li>\n<li>Bring your bike! Bike paths are nearby<\/li>\n<li>Bring your golf bag! Golf course is nearby<\/li>\n<li>For horseback riding: bike helmets are recommended for children. Pourvoirie du Lac Beauport has helmets available.[\/vc_column_text][\/vc_column][vc_column width=&#8221;1\/2&#8243;][vc_column_text]<br \/>\n<h3>Winter<\/h3>\n<\/li>\n<li>Winter clothing (good winter boots, snow pants, toque, scarf, mittens, etc.) You can rent sporting clothes nearby at Pourvoirie du Lac Beauport (4 minute walk).<\/li>\n<li>Bring or rent your tip-ups for ice fishing at Pourvoirie du Lac Beauport. Earthworms for sale on site, fishing license not required (4 minute walk).<\/li>\n<li>Bring your skates! Just a five minute walk to a beautiful skating rink. No skate rental on-site.<\/li>\n<li>Bring your snowmobile or rent at Pourvoirie du Lac Beauport (4 minute walk)<\/li>\n<li>Bring your snowshoes or rent at Pourvoirie du Lac Beauport (4 minute walk).<\/li>\n<li>Bring or rent your skis and snowboard! Le Relais Ski Center closes at 10:00 pm every night (7 minutes by car)[\/vc_column_text][vc_column_text]<br \/>\n<h3>Holiday season<\/h3>\n<p>Note that during the holiday season, your cottage will be decorated with a Christmas tree, garlands and lights for a warm and cheerful holiday atmosphere.[\/vc_column_text][\/vc_column][\/vc_row][vc_row el_id=&#8221;services&#8221;][vc_column css=&#8221;.vc_custom_1537901910740{margin-top: 20px !important;}&#8221;]<div class=\"thim-widget-heading template-default\"><div class=\"thim-sc-heading\" >\n\t\t<div class=\"article_heading \">\n\t\t\t\n\t\t\t<p class=\"heading_primary\"  >Activities nearby<\/p>\n\t\t\t\n\t\t\t\n\t\t<\/div>\n\t<\/div><\/div>[vc_row_inner content_placement=&#8221;middle&#8221; css=&#8221;.vc_custom_1537903445503{margin-top: 20px !important;}&#8221;][vc_column_inner width=&#8221;1\/2&#8243;][vc_column_text]<\/p>\n<ul>\n<li>Downhill and cross-country skiing<\/li>\n<li>Tubing slides at Valcartier winter park<\/li>\n<li>Nordic spa<\/li>\n<li>Fat bike rental<\/li>\n<li>Free skating rink just 2 minutes away by car (about 2km)<\/li>\n<li>Ice hotel<\/li>\n<li>Restaurants, Archibalt microbrewery and chansonniers<\/li>\n<li>Golf<\/li>\n<\/ul>\n<p>[\/vc_column_text][\/vc_column_inner][vc_column_inner width=&#8221;1\/2&#8243;][vc_column_text]<\/p>\n<ul>\n<li>club nautique : plage, kayac, canot, p\u00e9dalo, etc.<\/li>\n<li>centre international de ski acrobatic &#8220;Acrobatx&#8221;<\/li>\n<li>Xman race en septembre<\/li>\n<li>Village Huron Wendat (cuisine am\u00e9rindienne)<\/li>\n<li>Pow wow am\u00e9rindien en juillet (comp\u00e9tition danse et cuisine traditionnelle).<\/li>\n<li>vieux Qu\u00e9bec<\/li>\n<li>a\u00e9roport Jean-Lesage<\/li>\n<li>Paysage remarquablement beau, voyez l&#8217;album photo sur la page Facebook.<\/li>\n<\/ul>\n<p>[\/vc_column_text][\/vc_column_inner][\/vc_row_inner][vc_row_inner][vc_column_inner][vc_btn title=&#8221;What do to nearby&#8221; style=&#8221;classic&#8221; shape=&#8221;square&#8221; color=&#8221;black&#8221; align=&#8221;center&#8221; link=&#8221;url:http%3A%2F%2Fchaletslacbeauport.com%2Fen%2Fwhat-to-do-in-lac-beauport%2F&#8221;][\/vc_column_inner][\/vc_row_inner][vc_row_inner][vc_column_inner]<div class=\"thim-widget-heading template-default\"><div class=\"thim-sc-heading\" >\n\t\t<div class=\"article_heading \">\n\t\t\t\n\t\t\t<p class=\"heading_primary\"  >There's more\u2026<\/p>\n\t\t\t\n\t\t\t\n\t\t<\/div>\n\t<\/div><\/div>[vc_column_text css=&#8221;.vc_custom_1627581526013{margin-top: 20px !important;}&#8221;]Autumn is the ideal time of year to appreciate nature, fresh and fragrant with the scent of leaves. Staying at the foot of the mountains offers the perfect view and you\u2019ll be entranced by the magnificent display of colours. Talk a walk through the forest on a fragrant carpet of fallen leaves. Because the forest is less dense in autumn, you get a better view of the landscape. You\u2019ll be right near 3 km of forest trails with panoramic views of Quebec City: you can see Ch\u00e2teau Frontenac, St. Lawrence River, Building G, etc. Visit the husky puppy farm nearby and see a litter of future sled dogs! Come and have a blast while you rest, relax and recharge your batteries. After all, you deserve it![\/vc_column_text][\/vc_column_inner][\/vc_row_inner][\/vc_column][\/vc_row][vc_row][vc_column css=&#8221;.vc_custom_1627581663384{margin-top: 40px !important;}&#8221; el_id=&#8221;services&#8221;]<div class=\"thim-widget-heading template-default\"><div class=\"thim-sc-heading\" >\n\t\t<div class=\"article_heading \">\n\t\t\t\n\t\t\t<p class=\"heading_primary\"  >Vicinity services<\/p>\n\t\t\t\n\t\t\t\n\t\t<\/div>\n\t<\/div><\/div>[vc_column_text]<\/p>\n<h3>Au Centre L\u00e9o T Julien<\/h3>\n<p>795 Boulevard du Lac,<br \/>\nQu\u00e9bec, QC G2M 0E4<br \/>\nDistance to chalets: 4.4km (7-minute drive)[\/vc_column_text][\/vc_column][\/vc_row][vc_row][vc_column width=&#8221;1\/2&#8243;][vc_column_text]<\/p>\n<h3>Grocery<\/h3>\n<p>IGA<br \/>\nOpening hours:<br \/>\n8h00 \u00e0 22h every days<\/p>\n<h3>Pharmacy<\/h3>\n<p><strong>Brunet<\/strong><br \/>\nOpening hours:<br \/>\nMonday to Friday: 9h00\u201321h00<br \/>\nSaturday: 9h00\u201318h00<br \/>\nSunday: 10h00\u201318h00<\/p>\n<h3>Alcool<\/h3>\n<p><strong>Soci\u00e9t\u00e9 des alcools du Qu\u00e9bec (SAQ)<\/strong><br \/>\nSoci\u00e9t\u00e9 des alcools du Qu\u00e9bec (SAQ)<br \/>\nOpening hours:<br \/>\nMonday 10h00\u201318h00<br \/>\nTuesday 10h00\u201318h00<br \/>\nWednesday 10h00\u201318h00<br \/>\nThursday 10h00\u201321h00<br \/>\nFriday 9h30\u201321h00<br \/>\nSaturday 9h30\u201318h00<br \/>\nSunday 11h00\u201317h30[\/vc_column_text][\/vc_column][vc_column width=&#8221;1\/2&#8243;][vc_column_text]<\/p>\n<h3>Medical Clinic<\/h3>\n<p><strong>Private Medical Clinic Dr Lacroix<\/strong><br \/>\nOpening hours:<br \/>\nMonday: 8h00\u201316h00<br \/>\nTuesday: 11h00\u201319h00<br \/>\nWednesday: 8h00\u201316h00<br \/>\nThursday: 8h00\u201316h00<br \/>\nFriday 8h00\u201316h00<br \/>\nSaturday and Sunday: Closed<\/p>\n<h3>Video club, Dry cleaning and Shoe repair<\/h3>\n<p><strong>Videoasis \u2013 Dry cleaning and Shoe repair<\/strong>Opening hours:<br \/>\nMonday 10h00\u201319h00<br \/>\nTuesday 10h00\u201319h00<br \/>\nWednesday 10h00\u201319h00<br \/>\nThursday 10h00\u201321h00<br \/>\nFriday 10h00\u201321h00<br \/>\nSaturday 10h00\u201321h00<br \/>\nSunday 10h00\u201319h00[\/vc_column_text][\/vc_column][\/vc_row][vc_row][vc_column css=&#8221;.vc_custom_1537901898954{margin-top: 40px !important;}&#8221;]<div class=\"thim-widget-heading template-default\"><div class=\"thim-sc-heading\" >\n\t\t<div class=\"article_heading \">\n\t\t\t\n\t\t\t<p class=\"heading_primary\"  >Transportation<\/p>\n\t\t\t\n\t\t\t\n\t\t<\/div>\n\t<\/div><\/div>[vc_column_text]<strong>Public transportation<\/strong>: go shopping or visit Vieux Quebec.<\/p>\n<p>Private parking at your cottage.<\/p>\n<p>Lac-Beauport\u2019s public transport service is the TCJC (Bus 53), less than 7 minute walk from your cottage. Stop 50-12 Chemin du tour du Lac \/ Chemin de la Vielle c\u00f4te.<\/p>\n<p>To get to the heart of Quebec City, you will have to transfer and take bus 800 or 801 from the RTC to the Orsainville Zoo terminus. Make sure you have your bus fare ready.<\/p>\n<p><a href=\"https:\/\/mrc.jacques-cartier.com\/services-aux-citoyens\/transport-collectif\/horaires-et-trajets\/parcours-lac-beauport\/\"><strong>See the TCJC Schedule<\/strong><\/a><\/p>\n<p><a href=\"https:\/\/www.rtcquebec.ca\/Default.aspx?tabid=95&amp;noArret=3924&amp;noParcours=801&amp;codeDirection=2&amp;language=fr-CA\" target=\"_blank\" rel=\"noopener\"><strong>See the RTC schedule<\/strong><\/a><\/p>\n<p>&nbsp;<\/p>\n<p><strong>Taxis<\/strong><\/p>\n<p>Taxi Serge Desroches in Lac-Beauport: 418-953-8228<br \/>\nTaxi coop for Quebec City: 418 525-5191[\/vc_column_text][\/vc_column][\/vc_row][vc_row][vc_column][vc_empty_space]<div class=\"thim-widget-heading template-default\"><div class=\"thim-sc-heading\" >\n\t\t<div class=\"article_heading \">\n\t\t\t\n\t\t\t<p class=\"heading_primary\"  >Other services<\/p>\n\t\t\t\n\t\t\t\n\t\t<\/div>\n\t<\/div><\/div>[vc_empty_space][vc_column_text]Quebec Jean-Lesage International Airport \u2013 <a href=\"https:\/\/www.aeroportdequebec.com\/fr\" target=\"_blank\" rel=\"noopener\"> https:\/\/www.aeroportdequebec.com\/en<\/a>[\/vc_column_text][\/vc_column][\/vc_row][vc_row][vc_column][vc_column_text][\/vc_column_text][\/vc_column][\/vc_row][vc_row][vc_column][vc_column_text]<\/li>\n<\/ul>\n<p>[\/vc_column_text][\/vc_column][\/vc_row]<\/p>\n<\/div>","protected":false},"excerpt":{"rendered":"<p>[vc_row][vc_column][\/vc_column][\/vc_row][vc_row][vc_column width=&#8221;1\/2&#8243;][vc_column_text] Summer Closed walking shoes, ideally athletic\/sports shoes. Long and short pants Long-sleeve and short-sleeve shirts Swimsuit Bring or rent your fishing rod at Pourvoirie du Lac Beauport (4 minute walk) Bring your bike! Bike paths are nearby Bring your golf bag! Golf course is nearby For horseback riding:&#8230;<\/p>\n","protected":false},"author":1,"featured_media":0,"parent":0,"menu_order":0,"comment_status":"closed","ping_status":"open","template":"","meta":{"_exactmetrics_skip_tracking":false,"_exactmetrics_sitenote_active":false,"_exactmetrics_sitenote_note":"","_exactmetrics_sitenote_category":0,"footnotes":""},"class_list":["post-4688","page","type-page","status-publish","hentry"],"_links":{"self":[{"href":"https:\/\/chaletslacbeauport.com\/en\/wp-json\/wp\/v2\/pages\/4688","targetHints":{"allow":["GET"]}}],"collection":[{"href":"https:\/\/chaletslacbeauport.com\/en\/wp-json\/wp\/v2\/pages"}],"about":[{"href":"https:\/\/chaletslacbeauport.com\/en\/wp-json\/wp\/v2\/types\/page"}],"author":[{"embeddable":true,"href":"https:\/\/chaletslacbeauport.com\/en\/wp-json\/wp\/v2\/users\/1"}],"replies":[{"embeddable":true,"href":"https:\/\/chaletslacbeauport.com\/en\/wp-json\/wp\/v2\/comments?post=4688"}],"version-history":[{"count":14,"href":"https:\/\/chaletslacbeauport.com\/en\/wp-json\/wp\/v2\/pages\/4688\/revisions"}],"predecessor-version":[{"id":4791,"href":"https:\/\/chaletslacbeauport.com\/en\/wp-json\/wp\/v2\/pages\/4688\/revisions\/4791"}],"wp:attachment":[{"href":"https:\/\/chaletslacbeauport.com\/en\/wp-json\/wp\/v2\/media?parent=4688"}],"curies":[{"name":"wp","href":"https:\/\/api.w.org\/{rel}","templated":true}]}}