{"id":4690,"date":"2021-07-28T16:43:08","date_gmt":"2021-07-28T20:43:08","guid":{"rendered":"http:\/\/chaletslacbeauport.com\/?page_id=4690"},"modified":"2021-07-29T14:28:39","modified_gmt":"2021-07-29T18:28:39","slug":"contact-us","status":"publish","type":"page","link":"https:\/\/chaletslacbeauport.com\/en\/contact-us\/","title":{"rendered":"Contact us"},"content":{"rendered":"<div class=\"wpb-content-wrapper\"><p>[vc_row][vc_column][vc_empty_space height=&#8221;50px&#8221;][\/vc_column][\/vc_row][vc_row][vc_column width=&#8221;1\/2&#8243;]<div class=\"thim-widget-heading template-default\"><div class=\"thim-sc-heading\" >\n\t\t<div class=\"article_heading \">\n\t\t\t<h2  class=\"heading_secondary\">MESSAGE<\/h2>\n\t\t\t<p class=\"heading_primary\"  >SEND A<\/p>\n\t\t\t<div class=\"heading-des\">If you need more information or want to book one of our cottages, don't hesitate to contact us.<\/div>\n\t\t\t\n\t\t<\/div>\n\t<\/div><\/div>[vc_empty_space height=&#8221;60px&#8221;][vc_column_text css=&#8221;.vc_custom_1627569907946{padding-top: 60px !important;padding-right: 60px !important;padding-bottom: 40px !important;padding-left: 60px !important;background-color: #f9f9f9 !important;}&#8221; el_class=&#8221;contact-column&#8221;]\n<div class=\"wpcf7 no-js\" id=\"wpcf7-f4769-o1\" lang=\"\" dir=\"ltr\" data-wpcf7-id=\"4769\">\n<div class=\"screen-reader-response\"><p role=\"status\" aria-live=\"polite\" aria-atomic=\"true\"><\/p> <ul><\/ul><\/div>\n<form action=\"\/en\/wp-json\/wp\/v2\/pages\/4690#wpcf7-f4769-o1\" method=\"post\" class=\"wpcf7-form init\" aria-label=\"Contact form\" novalidate=\"novalidate\" data-status=\"init\">\n<fieldset class=\"hidden-fields-container\"><input type=\"hidden\" name=\"_wpcf7\" value=\"4769\" \/><input type=\"hidden\" name=\"_wpcf7_version\" value=\"6.1.3\" \/><input type=\"hidden\" name=\"_wpcf7_locale\" value=\"\" \/><input type=\"hidden\" name=\"_wpcf7_unit_tag\" value=\"wpcf7-f4769-o1\" \/><input type=\"hidden\" name=\"_wpcf7_container_post\" value=\"0\" \/><input type=\"hidden\" name=\"_wpcf7_posted_data_hash\" value=\"\" \/>\n<\/fieldset>\n<p><span class=\"wpcf7-form-control-wrap\" data-name=\"your-name\"><input size=\"40\" maxlength=\"400\" class=\"wpcf7-form-control wpcf7-text wpcf7-validates-as-required\" aria-required=\"true\" aria-invalid=\"false\" placeholder=\"Name *\" value=\"\" type=\"text\" name=\"your-name\" \/><\/span>\n<\/p>\n<p><span class=\"wpcf7-form-control-wrap\" data-name=\"your-email\"><input size=\"40\" maxlength=\"400\" class=\"wpcf7-form-control wpcf7-email wpcf7-validates-as-required wpcf7-text wpcf7-validates-as-email\" aria-required=\"true\" aria-invalid=\"false\" placeholder=\"Email*\" value=\"\" type=\"email\" name=\"your-email\" \/><\/span>\n<\/p>\n<p><span class=\"wpcf7-form-control-wrap\" data-name=\"your-phone\"><input size=\"40\" maxlength=\"400\" class=\"wpcf7-form-control wpcf7-tel wpcf7-validates-as-required wpcf7-text wpcf7-validates-as-tel\" aria-required=\"true\" aria-invalid=\"false\" placeholder=\"Phone *\" value=\"\" type=\"tel\" name=\"your-phone\" \/><\/span>\n<\/p>\n<p><span class=\"wpcf7-form-control-wrap\" data-name=\"your-subject\"><input size=\"40\" maxlength=\"400\" class=\"wpcf7-form-control wpcf7-text wpcf7-validates-as-required\" aria-required=\"true\" aria-invalid=\"false\" placeholder=\"Subject *\" value=\"\" type=\"text\" name=\"your-subject\" \/><\/span>\n<\/p>\n<p><span class=\"wpcf7-form-control-wrap\" data-name=\"nombre-adultes\"><input size=\"40\" maxlength=\"400\" class=\"wpcf7-form-control wpcf7-text\" aria-invalid=\"false\" placeholder=\"Reservation - number of adults\" value=\"\" type=\"text\" name=\"nombre-adultes\" \/><\/span>\n<\/p>\n<p><span class=\"wpcf7-form-control-wrap\" data-name=\"nombre-enfants\"><input size=\"40\" maxlength=\"400\" class=\"wpcf7-form-control wpcf7-text\" aria-invalid=\"false\" placeholder=\"Reservation - number of children\" value=\"\" type=\"text\" name=\"nombre-enfants\" \/><\/span>\n<\/p>\n<p><span class=\"wpcf7-form-control-wrap\" data-name=\"your-message\"><textarea cols=\"40\" rows=\"10\" maxlength=\"2000\" class=\"wpcf7-form-control wpcf7-textarea wpcf7-validates-as-required\" aria-required=\"true\" aria-invalid=\"false\" placeholder=\"Message *\" name=\"your-message\"><\/textarea><\/span>\n<\/p>\n<p><input class=\"wpcf7-form-control wpcf7-submit has-spinner\" type=\"submit\" value=\"SEND MESSAGE\" \/>\n<\/p><div class=\"wpcf7-response-output\" aria-hidden=\"true\"><\/div>\n<\/form>\n<\/div>\n[\/vc_column_text][\/vc_column][vc_column width=&#8221;1\/2&#8243; css=&#8221;.vc_custom_1475217786520{padding-left: 60px !important;}&#8221;][vc_empty_space][vc_gmaps link=&#8221;#E-8_JTNDaWZyYW1lJTIwc3JjJTNEJTIyaHR0cHMlM0ElMkYlMkZ3d3cuZ29vZ2xlLmNvbSUyRm1hcHMlMkZlbWJlZCUzRnBiJTNEJTIxMW0xOCUyMTFtMTIlMjExbTMlMjExZDI3MjMuNzIzOTM0MjI2MDg1JTIxMmQtNzEuMjczMjM0Nzg0MzkyMjklMjEzZDQ2Ljk0NzQ2NDY3OTE0NjQ2NCUyMTJtMyUyMTFmMCUyMTJmMCUyMTNmMCUyMTNtMiUyMTFpMTAyNCUyMTJpNzY4JTIxNGYxMy4xJTIxM20zJTIxMW0yJTIxMXMweDRjYjhhNGVhY2NlMmRlZDElMjUzQTB4OWNkZWZmZGY5OWU1M2Q5NSUyMTJzMjUlMkJDaGVtaW4lMkJkZSUyQmxhJTJCQ291bCUyNUMzJTI1QTllJTI1MkMlMkJMYWMtQmVhdXBvcnQlMjUyQyUyQlFDJTJCRzNCJTJCMUc2JTIxNWUwJTIxM20yJTIxMXNmciUyMTJzY2ElMjE0djE1MzI0NTcxMjYyOTklMjIlMjB3aWR0aCUzRCUyMjYwMCUyMiUyMGhlaWdodCUzRCUyMjQ1MCUyMiUyMGZyYW1lYm9yZGVyJTNEJTIyMCUyMiUyMHN0eWxlJTNEJTIyYm9yZGVyJTNBMCUyMiUyMGFsbG93ZnVsbHNjcmVlbiUzRSUzQyUyRmlmcmFtZSUzRQ==&#8221;]<div class=\"thim-widget-heading template-default\"><div class=\"thim-sc-heading\" >\n\t\t<div class=\"article_heading \">\n\t\t\t\n\t\t\t<p class=\"heading_primary\"  >CONTACT US<\/p>\n\t\t\t\n\t\t\t\n\t\t<\/div>\n\t<\/div><\/div>[vc_column_text]<\/p>\n<div class=\"contact-address\">25 chemin de la Coul\u00e9e<br \/>\nLac-Beauport, QC G3B 1G6<\/div>\n<div class=\"contact-phone\">\n<p>Phone: 418 928-8650<\/p>\n<p>Email:\u00a0<a href=\"mailto:info@chaletslacbeauport.com\">info@chaletslacbeauport.com<\/a><\/div>\n<p>[\/vc_column_text][thim_social_link style=&#8221;style-03&#8243; link_face=&#8221;https:\/\/www.facebook.com\/chaletslacbeauport\/&#8221; link_twitter=&#8221;&#8221; link_skype=&#8221;&#8221;][vc_empty_space][\/vc_column][\/vc_row][vc_row full_width=&#8221;stretch_row&#8221; parallax=&#8221;content-moving&#8221; css=&#8221;.vc_custom_1532459748855{padding-top: 120px !important;padding-bottom: 150px !important;background-image: url(http:\/\/chaletslacbeauport.com\/wp-content\/uploads\/2018\/07\/contact-parallax.jpg?id=4313) !important;}&#8221;][vc_column]<div class=\"thim-widget-testimonials template-testimonials\">\n\t<div class=\"thim-sc-testimonial left\" data-auto=\"true\">\n\t\t<h4 class=\"block-title\">Ce qu'en pensent nos visiteurs<\/h4>\n\t\t\t\t\t<div class=\"owl-carousel owl-theme testimonial-slider-left\">\n\t\t\t\t\t\t\t\t\t<div class=\"testimonial-item\">\n\t\t\t\t\t\t<div class=\"testimonial-content\">\u201c Un logement super, bien situ\u00e9, avec des activit\u00e9s qui changent de l'ordinaire et pas loin de Qu\u00e9bec! \u201c<\/div>\n\t\t\t\t\t\t<p class=\"testimonial-rating\"><\/p>\n\t\t\t\t\t\t<h5 class=\"testimonial-name\"> H\u00e9l\u00e8ne <\/h5>\n\t\t\t\t\t<\/div>\n\t\t\t\t\t\t\t\t\t<div class=\"testimonial-item\">\n\t\t\t\t\t\t<div class=\"testimonial-content\">\u201c Nous avons appr\u00e9ci\u00e9 le service et la maison. \u201c<\/div>\n\t\t\t\t\t\t<p class=\"testimonial-rating\"><\/p>\n\t\t\t\t\t\t<h5 class=\"testimonial-name\"> Martin <\/h5>\n\t\t\t\t\t<\/div>\n\t\t\t\t\t\t\t\t\t<div class=\"testimonial-item\">\n\t\t\t\t\t\t<div class=\"testimonial-content\"><p style=\"text-align: left;\">\u201c Nous avons log\u00e9 \u00e0 17 dans cette maison originale, sans que personne ne dorme sur le canap\u00e9 du salon ! Pr\u00e9voyez de profiter sur place des activit\u00e9s propos\u00e9es par Lucie (p\u00eache, activit\u00e9s nautiques...) ainsi que des ballades dans le coin, de la plage quelques m\u00e8tres plus bas ! Barbecue, tables ext\u00e9rieures pour manger... tr\u00e8s sympa ! \u201c<\/p><\/div>\n\t\t\t\t\t\t<p class=\"testimonial-rating\"><\/p>\n\t\t\t\t\t\t<h5 class=\"testimonial-name\"> Patrice <\/h5>\n\t\t\t\t\t<\/div>\n\t\t\t\t\t\t\t\t\t\t\t<\/div>\n\t\t\t<\/div>\n\n<\/div>[\/vc_column][\/vc_row]<\/p>\n<\/div>","protected":false},"excerpt":{"rendered":"<p>[vc_row][vc_column][vc_empty_space height=&#8221;50px&#8221;][\/vc_column][\/vc_row][vc_row][vc_column width=&#8221;1\/2&#8243;][vc_empty_space height=&#8221;60px&#8221;][vc_column_text css=&#8221;.vc_custom_1627569907946{padding-top: 60px !important;padding-right: 60px !important;padding-bottom: 40px !important;padding-left: 60px !important;background-color: #f9f9f9 !important;}&#8221; el_class=&#8221;contact-column&#8221;][\/vc_column_text][\/vc_column][vc_column width=&#8221;1\/2&#8243; css=&#8221;.vc_custom_1475217786520{padding-left: 60px !important;}&#8221;][vc_empty_space][vc_gmaps link=&#8221;#E-8_JTNDaWZyYW1lJTIwc3JjJTNEJTIyaHR0cHMlM0ElMkYlMkZ3d3cuZ29vZ2xlLmNvbSUyRm1hcHMlMkZlbWJlZCUzRnBiJTNEJTIxMW0xOCUyMTFtMTIlMjExbTMlMjExZDI3MjMuNzIzOTM0MjI2MDg1JTIxMmQtNzEuMjczMjM0Nzg0MzkyMjklMjEzZDQ2Ljk0NzQ2NDY3OTE0NjQ2NCUyMTJtMyUyMTFmMCUyMTJmMCUyMTNmMCUyMTNtMiUyMTFpMTAyNCUyMTJpNzY4JTIxNGYxMy4xJTIxM20zJTIxMW0yJTIxMXMweDRjYjhhNGVhY2NlMmRlZDElMjUzQTB4OWNkZWZmZGY5OWU1M2Q5NSUyMTJzMjUlMkJDaGVtaW4lMkJkZSUyQmxhJTJCQ291bCUyNUMzJTI1QTllJTI1MkMlMkJMYWMtQmVhdXBvcnQlMjUyQyUyQlFDJTJCRzNCJTJCMUc2JTIxNWUwJTIxM20yJTIxMXNmciUyMTJzY2ElMjE0djE1MzI0NTcxMjYyOTklMjIlMjB3aWR0aCUzRCUyMjYwMCUyMiUyMGhlaWdodCUzRCUyMjQ1MCUyMiUyMGZyYW1lYm9yZGVyJTNEJTIyMCUyMiUyMHN0eWxlJTNEJTIyYm9yZGVyJTNBMCUyMiUyMGFsbG93ZnVsbHNjcmVlbiUzRSUzQyUyRmlmcmFtZSUzRQ==&#8221;][vc_column_text] 25 chemin de la Coul\u00e9e Lac-Beauport, QC G3B 1G6 Phone: 418 928-8650 Email:\u00a0info@chaletslacbeauport.com [\/vc_column_text][thim_social_link style=&#8221;style-03&#8243; link_face=&#8221;https:\/\/www.facebook.com\/chaletslacbeauport\/&#8221; link_twitter=&#8221;&#8221; link_skype=&#8221;&#8221;][vc_empty_space][\/vc_column][\/vc_row][vc_row full_width=&#8221;stretch_row&#8221; parallax=&#8221;content-moving&#8221; css=&#8221;.vc_custom_1532459748855{padding-top: 120px !important;padding-bottom: 150px !important;background-image: url(http:\/\/chaletslacbeauport.com\/wp-content\/uploads\/2018\/07\/contact-parallax.jpg?id=4313) !important;}&#8221;][vc_column][\/vc_column][\/vc_row]<\/p>\n","protected":false},"author":1,"featured_media":0,"parent":0,"menu_order":0,"comment_status":"closed","ping_status":"closed","template":"","meta":{"_exactmetrics_skip_tracking":false,"_exactmetrics_sitenote_active":false,"_exactmetrics_sitenote_note":"","_exactmetrics_sitenote_category":0,"footnotes":""},"class_list":["post-4690","page","type-page","status-publish","hentry"],"_links":{"self":[{"href":"https:\/\/chaletslacbeauport.com\/en\/wp-json\/wp\/v2\/pages\/4690","targetHints":{"allow":["GET"]}}],"collection":[{"href":"https:\/\/chaletslacbeauport.com\/en\/wp-json\/wp\/v2\/pages"}],"about":[{"href":"https:\/\/chaletslacbeauport.com\/en\/wp-json\/wp\/v2\/types\/page"}],"author":[{"embeddable":true,"href":"https:\/\/chaletslacbeauport.com\/en\/wp-json\/wp\/v2\/users\/1"}],"replies":[{"embeddable":true,"href":"https:\/\/chaletslacbeauport.com\/en\/wp-json\/wp\/v2\/comments?post=4690"}],"version-history":[{"count":5,"href":"https:\/\/chaletslacbeauport.com\/en\/wp-json\/wp\/v2\/pages\/4690\/revisions"}],"predecessor-version":[{"id":4800,"href":"https:\/\/chaletslacbeauport.com\/en\/wp-json\/wp\/v2\/pages\/4690\/revisions\/4800"}],"wp:attachment":[{"href":"https:\/\/chaletslacbeauport.com\/en\/wp-json\/wp\/v2\/media?parent=4690"}],"curies":[{"name":"wp","href":"https:\/\/api.w.org\/{rel}","templated":true}]}}